{"id":1859,"date":"2023-04-18T19:34:00","date_gmt":"2023-04-18T19:34:00","guid":{"rendered":"https:\/\/www.creaciogeometrica.com\/sobre-nosaltres\/"},"modified":"2023-07-12T08:27:44","modified_gmt":"2023-07-12T08:27:44","slug":"sobre-nosaltres","status":"publish","type":"page","link":"https:\/\/www.creaciogeometrica.com\/ca\/sobre-nosaltres\/","title":{"rendered":"Sobre nosaltres"},"content":{"rendered":"<p>[et_pb_section fb_built=&#8221;1&#8243; custom_padding_last_edited=&#8221;on|tablet&#8221; _builder_version=&#8221;4.21.0&#8243; _module_preset=&#8221;default&#8221; background_enable_color=&#8221;off&#8221; use_background_color_gradient=&#8221;on&#8221; background_color_gradient_stops=&#8221;rgba(255,255,255,0.87) 11%|rgba(255,255,255,0) 36%&#8221; background_color_gradient_overlays_image=&#8221;on&#8221; background_enable_image=&#8221;off&#8221; background_video_mp4=&#8221;https:\/\/www.creaciogeometrica.com\/wp-content\/uploads\/2023\/05\/augmented-reality-infographics-with-the-planet-in-2022-08-05-00-10-42-utc2.mp4&#8243; min_height=&#8221;100vh&#8221; custom_margin=&#8221;||||false|false&#8221; custom_padding=&#8221;102px||||false|false&#8221; custom_padding_tablet=&#8221;122px||||false|false&#8221; custom_padding_phone=&#8221;70px||||false|false&#8221; locked=&#8221;off&#8221; global_colors_info=&#8221;{}&#8221;][et_pb_row custom_padding_last_edited=&#8221;on|phone&#8221; _builder_version=&#8221;4.20.4&#8243; _module_preset=&#8221;default&#8221; width=&#8221;100%&#8221; max_width=&#8221;100%&#8221; custom_padding=&#8221;|109px||109px|true|true&#8221; custom_padding_tablet=&#8221;|109px||109px|true|true&#8221; custom_padding_phone=&#8221;|25px||25px|true|true&#8221; global_colors_info=&#8221;{}&#8221;][et_pb_column type=&#8221;4_4&#8243; _builder_version=&#8221;4.20.4&#8243; _module_preset=&#8221;default&#8221; global_colors_info=&#8221;{}&#8221;][et_pb_code module_class=&#8221;migasdepan&#8221; _builder_version=&#8221;4.20.4&#8243; _module_preset=&#8221;default&#8221; custom_margin=&#8221;||28px|||&#8221; global_colors_info=&#8221;{}&#8221;]<span><span><a href=\"https:\/\/www.creaciogeometrica.com\/ca\/\">Inici<\/a><\/span><\/span>[\/et_pb_code][et_pb_text module_class=&#8221;titulo&#8221; _builder_version=&#8221;4.20.4&#8243; _dynamic_attributes=&#8221;content&#8221; _module_preset=&#8221;default&#8221; text_font=&#8221;Aleo|300||on|||||&#8221; text_text_color=&#8221;#EA5362&#8243; text_font_size=&#8221;48px&#8221; text_line_height=&#8221;1em&#8221; global_colors_info=&#8221;{}&#8221;]@ET-DC@eyJkeW5hbWljIjp0cnVlLCJjb250ZW50IjoicG9zdF90aXRsZSIsInNldHRpbmdzIjp7ImJlZm9yZSI6IiIsImFmdGVyIjoiIn19@[\/et_pb_text][\/et_pb_column][\/et_pb_row][et_pb_row custom_padding_last_edited=&#8221;on|desktop&#8221; _builder_version=&#8221;4.21.0&#8243; _module_preset=&#8221;default&#8221; background_enable_color=&#8221;off&#8221; positioning=&#8221;none&#8221; position_origin_a=&#8221;center_center&#8221; position_origin_a_tablet=&#8221;center_center&#8221; position_origin_a_phone=&#8221;center_center&#8221; position_origin_a_last_edited=&#8221;off|tablet&#8221; position_origin_f_last_edited=&#8221;off|tablet&#8221; position_origin_r_last_edited=&#8221;off|tablet&#8221; width=&#8221;43%&#8221; width_tablet=&#8221;90.1%&#8221; width_phone=&#8221;90.1%&#8221; width_last_edited=&#8221;on|tablet&#8221; custom_margin=&#8221;18vh|auto||auto|false|false&#8221; custom_margin_tablet=&#8221;101px||||false|false&#8221; custom_margin_phone=&#8221;101px||||false|false&#8221; custom_margin_last_edited=&#8221;on|phone&#8221; custom_padding=&#8221;55px|75px|55px|75px|true|true&#8221; custom_padding_tablet=&#8221;55px|68px|55px|68px|true|true&#8221; custom_padding_phone=&#8221;55px|25px|55px|25px|true|false&#8221; animation_style=&#8221;slide&#8221; animation_delay=&#8221;850ms&#8221; animation_intensity_slide=&#8221;18%&#8221; positioning_tablet=&#8221;absolute&#8221; positioning_phone=&#8221;none&#8221; positioning_last_edited=&#8221;off|tablet&#8221; global_colors_info=&#8221;{}&#8221;][et_pb_column type=&#8221;4_4&#8243; _builder_version=&#8221;4.20.4&#8243; _module_preset=&#8221;default&#8221; global_colors_info=&#8221;{}&#8221;][et_pb_text _builder_version=&#8221;4.21.0&#8243; _module_preset=&#8221;default&#8221; text_font=&#8221;|700|||||||&#8221; text_text_color=&#8221;#FFFFFF&#8221; text_font_size=&#8221;24px&#8221; header_2_text_color=&#8221;#FFFFFF&#8221; header_2_font_size=&#8221;46px&#8221; background_enable_color=&#8221;off&#8221; text_orientation=&#8221;center&#8221; text_text_shadow_style=&#8221;preset1&#8243; global_colors_info=&#8221;{}&#8221;]<\/p>\n<h2>Avancem amb els nous temps<\/h2>\n<p>Tot est\u00e0 en continua evoluci\u00f3 i nosaltres tamb\u00e9.<\/p>\n<p>[\/et_pb_text][et_pb_button button_url=&#8221;#qui&#8221; button_text=&#8221;Qui som?&#8221; button_alignment=&#8221;center&#8221; _builder_version=&#8221;4.21.0&#8243; _module_preset=&#8221;default&#8221; global_colors_info=&#8221;{}&#8221;][\/et_pb_button][\/et_pb_column][\/et_pb_row][\/et_pb_section][et_pb_section fb_built=&#8221;1&#8243; module_id=&#8221;els qui&#8221; module_class=&#8221;seccionfinal&#8221; _builder_version=&#8221;4.21.0&#8243; _module_preset=&#8221;default&#8221; use_background_color_gradient=&#8221;on&#8221; background_color_gradient_stops=&#8221;rgba(255,255,255,0.72) 0%|rgba(255,255,255,0.53) 26%&#8221; background_color_gradient_overlays_image=&#8221;on&#8221; background_image=&#8221;https:\/\/www.creaciogeometrica.com\/wp-content\/uploads\/2023\/05\/texture-stone-wall-for-background-2022-12-16-03-30-59-utc.jpg&#8221; custom_padding=&#8221;172px||172px||true|&#8221; locked=&#8221;off&#8221; global_colors_info=&#8221;{}&#8221;][et_pb_row use_custom_gutter=&#8221;on&#8221; gutter_width=&#8221;2&#8243; _builder_version=&#8221;4.21.0&#8243; _module_preset=&#8221;default&#8221; background_color=&#8221;rgba(255,255,255,0.89)&#8221; width=&#8221;90%&#8221; max_width=&#8221;2000px&#8221; custom_margin=&#8221;||||false|true&#8221; custom_padding=&#8221;41px|48px|4px|48px|false|true&#8221; locked=&#8221;off&#8221; global_colors_info=&#8221;{}&#8221;][et_pb_column type=&#8221;4_4&#8243; _builder_version=&#8221;4.20.4&#8243; _module_preset=&#8221;default&#8221; global_colors_info=&#8221;{}&#8221;][et_pb_text module_id=&#8221;paredes3&#8243; _builder_version=&#8221;4.21.0&#8243; _module_preset=&#8221;default&#8221; header_text_color=&#8221;#EA5362&#8243; header_2_font=&#8221;|||on|||||&#8221; header_2_font_size=&#8221;36px&#8221; header_3_font=&#8221;|||on|||||&#8221; header_3_text_color=&#8221;#585C6E&#8221; header_3_font_size=&#8221;30px&#8221; custom_margin=&#8221;||0px||false|false&#8221; custom_padding=&#8221;37px||0px|||&#8221; global_colors_info=&#8221;{}&#8221;]<\/p>\n<h3>Qui som<\/h3>\n<p>&nbsp;<\/p>\n<p>[\/et_pb_text][\/et_pb_column][\/et_pb_row][et_pb_row column_structure=&#8221;1_3,1_3,1_3&#8243; use_custom_gutter=&#8221;on&#8221; gutter_width=&#8221;2&#8243; _builder_version=&#8221;4.21.0&#8243; _module_preset=&#8221;default&#8221; background_color=&#8221;rgba(255,255,255,0.89)&#8221; width=&#8221;90%&#8221; max_width=&#8221;2000px&#8221; custom_margin=&#8221;||||false|true&#8221; custom_padding=&#8221;41px|48px|4px|48px|false|true&#8221; locked=&#8221;off&#8221; global_colors_info=&#8221;{}&#8221;][et_pb_column type=&#8221;1_3&#8243; _builder_version=&#8221;4.20.4&#8243; _module_preset=&#8221;default&#8221; global_colors_info=&#8221;{}&#8221;][et_pb_text module_id=&#8221;paredes3&#8243; _builder_version=&#8221;4.21.0&#8243; _module_preset=&#8221;default&#8221; header_text_color=&#8221;#EA5362&#8243; header_2_font=&#8221;|||on|||||&#8221; header_2_font_size=&#8221;36px&#8221; header_3_font=&#8221;|||on|||||&#8221; header_3_text_color=&#8221;#585C6E&#8221; header_3_font_size=&#8221;30px&#8221; custom_margin=&#8221;||0px||false|false&#8221; custom_padding=&#8221;37px||0px|||&#8221; global_colors_info=&#8221;{}&#8221;]<\/p>\n<p>A CREACI\u00d3 G3OM\u00c8TRICA, som una empresa especialitzada en oferir solucions integrals en el camp de les <strong>reformes<\/strong> , <strong>inversions immobili\u00e0ries<\/strong> i <strong>efici\u00e8ncia energ\u00e8tica<\/strong> . El nostre objectiu principal \u00e9s ajudar els nostres clients a transformar els seus espais, millorar-ne la qualitat de vida i promoure un futur sostenible.<\/p>\n<p>Amb anys d&#8217;experi\u00e8ncia al sector, ens hem convertit en referents al mercat gr\u00e0cies al nostre enfocament innovador, professionalitat i comprom\u00eds amb l&#8217;excel\u00b7l\u00e8ncia. El nostre equip est\u00e0 format per experts altament capacitats per diverses disciplines, des d&#8217;arquitectura i enginyeria fins a disseny d&#8217;interiors i efici\u00e8ncia energ\u00e8tica.<\/p>\n<p>&nbsp;<\/p>\n<p>&nbsp;<\/p>\n<p>[\/et_pb_text][et_pb_text _builder_version=&#8221;4.21.0&#8243; _module_preset=&#8221;default&#8221; header_4_font=&#8221;Montserrat|||on|||||&#8221; header_4_text_color=&#8221;#EA5362&#8243; header_4_font_size=&#8221;20px&#8221; custom_margin=&#8221;22px||||false|false&#8221; locked=&#8221;off&#8221; global_colors_info=&#8221;{}&#8221;]<\/p>\n<h4>Un gran equip \u00e9s la clau perqu\u00e8 tot funcioni<\/h4>\n<p>[\/et_pb_text][\/et_pb_column][et_pb_column type=&#8221;1_3&#8243; _builder_version=&#8221;4.20.4&#8243; _module_preset=&#8221;default&#8221; global_colors_info=&#8221;{}&#8221;][et_pb_text module_id=&#8221;paredes3&#8243; _builder_version=&#8221;4.21.0&#8243; _module_preset=&#8221;default&#8221; header_text_color=&#8221;#EA5362&#8243; header_2_font=&#8221;|||on|||||&#8221; header_2_font_size=&#8221;36px&#8221; header_3_font=&#8221;|||on|||||&#8221; header_3_text_color=&#8221;#585C6E&#8221; header_3_font_size=&#8221;30px&#8221; custom_margin=&#8221;||0px||false|false&#8221; custom_padding=&#8221;37px||0px|||&#8221; global_colors_info=&#8221;{}&#8221;]<\/p>\n<p>A l&#8217; <strong>\u00e0rea de reformes<\/strong> , ens especialitzem en la renovaci\u00f3 i rehabilitaci\u00f3 d&#8217;habitatges. Ens comprometem a materialitzar les idees i necessitats dels nostres clients, creant ambients funcionals, est\u00e8ticament atractius i adaptats a les vostres prefer\u00e8ncies personals. Treballem amb els millors materials i prove\u00efdors per garantir la qualitat i la durabilitat de cada projecte.<\/p>\n<p>Pel que fa a les <strong>inversions immobili\u00e0ries<\/strong> , assessorem els nostres clients en la cerca i selecci\u00f3 de propietats que s&#8217;ajustin als seus objectius financers i personals. Realitzem an\u00e0lisis detallades de mercat, avaluaci\u00f3 de rendibilitat i gesti\u00f3 integral d&#8217;inversions immobili\u00e0ries. El nostre enfocament estrat\u00e8gic i coneixement profund del sector ens permet maximitzar els rendiments i minimitzar els riscos pels nostres clients.<\/p>\n<p>&nbsp;<\/p>\n<p>[\/et_pb_text][\/et_pb_column][et_pb_column type=&#8221;1_3&#8243; _builder_version=&#8221;4.20.4&#8243; _module_preset=&#8221;default&#8221; global_colors_info=&#8221;{}&#8221;][et_pb_text module_id=&#8221;paredes3&#8243; _builder_version=&#8221;4.21.0&#8243; _module_preset=&#8221;default&#8221; header_text_color=&#8221;#EA5362&#8243; header_2_font=&#8221;|||on|||||&#8221; header_2_font_size=&#8221;36px&#8221; header_3_font=&#8221;|||on|||||&#8221; header_3_text_color=&#8221;#585C6E&#8221; header_3_font_size=&#8221;30px&#8221; custom_margin=&#8221;||0px||false|false&#8221; custom_padding=&#8221;37px||0px|||&#8221; global_colors_info=&#8221;{}&#8221;]<\/p>\n<p>A m\u00e9s a m\u00e9s, ens apassiona l&#8217; <strong>efici\u00e8ncia energ\u00e8tica<\/strong> i la sostenibilitat. Treballem en estreta col\u00b7laboraci\u00f3 amb els nostres clients per desenvolupar solucions personalitzades que redueixin el consum energ\u00e8tic, promoguin l&#8217;\u00fas d&#8217;energies renovables i millorin l&#8217;efici\u00e8ncia dels sistemes a les seves propietats. Estem compromesos amb la protecci\u00f3 del medi ambient i la creaci\u00f3 d\u201fespais sostenibles per a les generacions futures.<\/p>\n<p>A CREACI\u00d3 G <span style=\"color: #ea5362;\">3<\/span> OM\u00c8TRICA, ens enorgulleix oferir un servei integral i d&#8217;alta qualitat als nostres clients. Valorem la confian\u00e7a que dipositen en nosaltres i ens esforcem per superar les vostres expectatives en cada projecte. Si cerques professionals compromesos, innovadors i apassionats en l&#8217;\u00e0mbit de les reformes, inversions immobili\u00e0ries i efici\u00e8ncia energ\u00e8tica, no dubtis en contactar-nos. Estarem encantats d&#8217;acompanyar-vos en el vostre cam\u00ed cap a l&#8217;\u00e8xit i la sostenibilitat<\/p>\n<p>[\/et_pb_text][\/et_pb_column][\/et_pb_row][et_pb_row column_structure=&#8221;1_4,1_4,1_4,1_4&#8243; use_custom_gutter=&#8221;on&#8221; gutter_width=&#8221;2&#8243; _builder_version=&#8221;4.21.0&#8243; _module_preset=&#8221;default&#8221; background_color=&#8221;rgba(255,255,255,0.89)&#8221; width=&#8221;90%&#8221; max_width=&#8221;2000px&#8221; custom_margin=&#8221;||||false|true&#8221; custom_padding=&#8221;41px|48px||48px|false|true&#8221; locked=&#8221;off&#8221; global_colors_info=&#8221;{}&#8221;][et_pb_column type=&#8221;1_4&#8243; _builder_version=&#8221;4.20.4&#8243; _module_preset=&#8221;default&#8221; global_colors_info=&#8221;{}&#8221;][et_pb_team_member name=&#8221;Mireia Sitjas&#8221; position=&#8221;Gesti\u00f3 patrimonial \u00b7 Estrat\u00e8gia \u00b7 Nous mercats&#8221; image_url=&#8221;https:\/\/www.creaciogeometrica.com\/wp-content\/uploads\/2023\/05\/Captura-de-pantalla-2023-05-18-a-las-10.54.20.jpg&#8221; linkedin_url=&#8221;https:\/\/www.linkedin.com\/in\/mireia-sitjas-montaner-30883711\/&#8221; _builder_version=&#8221;4.21.0&#8243; _module_preset=&#8221;default&#8221; header_font=&#8221;|||on|||||&#8221; header_text_align=&#8221;left&#8221; body_text_align=&#8221;left&#8221; position_text_align=&#8221;left&#8221; position_text_color=&#8221;#EA5362&#8243; text_orientation=&#8221;left&#8221; module_alignment=&#8221;center&#8221; hover_enabled=&#8221;0&#8243; global_colors_info=&#8221;{}&#8221; sticky_enabled=&#8221;0&#8243;][\/et_pb_team_member][\/et_pb_column][et_pb_column type=&#8221;1_4&#8243; _builder_version=&#8221;4.20.4&#8243; _module_preset=&#8221;default&#8221; global_colors_info=&#8221;{}&#8221;][et_pb_team_member name=&#8221;Eduard S\u00e1ez&#8221; position=&#8221;Projectes t\u00e8cnics \u00b7 Control d&#8217;obra \u00b7 Sinergies&#8221; image_url=&#8221;https:\/\/www.creaciogeometrica.com\/wp-content\/uploads\/2023\/05\/Captura-de-pantalla-2023-05-18-a-las-10.54.26-e1684400844462.jpg&#8221; linkedin_url=&#8221;https:\/\/www.linkedin.com\/in\/eduard-saez-8b1602199\/&#8221; _builder_version=&#8221;4.21.0&#8243; _module_preset=&#8221;default&#8221; header_font=&#8221;|||on|||||&#8221; header_text_align=&#8221;left&#8221; body_text_align=&#8221;left&#8221; position_text_align=&#8221;left&#8221; position_text_color=&#8221;#EA5362&#8243; text_orientation=&#8221;left&#8221; module_alignment=&#8221;center&#8221; global_colors_info=&#8221;{}&#8221;][\/et_pb_team_member][\/et_pb_column][et_pb_column type=&#8221;1_4&#8243; _builder_version=&#8221;4.20.4&#8243; _module_preset=&#8221;default&#8221; global_colors_info=&#8221;{}&#8221;][et_pb_team_member name=&#8221;jordi Alemany&#8221; position=&#8221;Control gesti\u00f3 \u00b7 Planificaci\u00f3 \u00b7 Processos&#8221; image_url=&#8221;https:\/\/www.creaciogeometrica.com\/wp-content\/uploads\/2023\/05\/Captura-de-pantalla-2023-05-18-a-las-10.54.32.jpg&#8221; linkedin_url=&#8221;https:\/\/www.linkedin.com\/in\/jordi-alemany\/&#8221; _builder_version=&#8221;4.21.0&#8243; _module_preset=&#8221;default&#8221; header_font=&#8221;|||on|||||&#8221; header_text_align=&#8221;left&#8221; body_text_align=&#8221;left&#8221; position_text_align=&#8221;left&#8221; position_text_color=&#8221;#EA5362&#8243; text_orientation=&#8221;left&#8221; module_alignment=&#8221;center&#8221; global_colors_info=&#8221;{}&#8221;][\/et_pb_team_member][\/et_pb_column][et_pb_column type=&#8221;1_4&#8243; _builder_version=&#8221;4.20.4&#8243; _module_preset=&#8221;default&#8221; global_colors_info=&#8221;{}&#8221;][et_pb_team_member name=&#8221;Eduard Juan&#8221; position=&#8221;Control comercial \u00b7 Oportunitats \u00b7 Tend\u00e8ncies&#8221; image_url=&#8221;https:\/\/www.creaciogeometrica.com\/wp-content\/uploads\/2023\/05\/Captura-de-pantalla-2023-05-18-a-las-10.54.36-e1684400692222.jpg&#8221; linkedin_url=&#8221;https:\/\/www.linkedin.com\/in\/eduardojuanarg%C3%BCelles\/&#8221; _builder_version=&#8221;4.21.0&#8243; _module_preset=&#8221;default&#8221; header_font=&#8221;|||on|||||&#8221; header_text_align=&#8221;left&#8221; body_text_align=&#8221;left&#8221; position_text_align=&#8221;left&#8221; position_text_color=&#8221;#EA5362&#8243; text_orientation=&#8221;left&#8221; module_alignment=&#8221;center&#8221; global_colors_info=&#8221;{}&#8221;][\/et_pb_team_member][\/et_pb_column][\/et_pb_row][\/et_pb_section]<\/p>\n","protected":false},"excerpt":{"rendered":"<p><span><span><a href=\"https:\/\/www.creaciogeometrica.com\/ca\/\">Inici<\/a><\/span><\/span>Avancem amb els nous temps Tot est\u00e0 en continua evoluci\u00f3 i nosaltres tamb\u00e9.Qui som &nbsp;A CREACI\u00d3 G3OM\u00c8TRICA, som una empresa especialitzada en oferir solucions integrals en el camp de les reformes , inversions immobili\u00e0ries i efici\u00e8ncia energ\u00e8tica . El nostre objectiu principal \u00e9s ajudar els nostres clients a transformar els seus espais, millorar-ne la qualitat [&hellip;]<\/p>\n","protected":false},"author":3,"featured_media":0,"parent":0,"menu_order":0,"comment_status":"closed","ping_status":"closed","template":"","meta":{"_et_pb_use_builder":"on","_et_pb_old_content":"","_et_gb_content_width":"","footnotes":""},"class_list":["post-1859","page","type-page","status-publish","hentry"],"yoast_head":"<!-- This site is optimized with the Yoast SEO plugin v27.3 - https:\/\/yoast.com\/product\/yoast-seo-wordpress\/ -->\n<title>Sobre nosaltres - Creaci\u00f2 Geom\u00e9trica<\/title>\n<meta name=\"description\" content=\"Amb anys d&#039;experi\u00e8ncia al sector, ens hem convertit en referents al mercat gr\u00e0cies al nostre comprom\u00eds amb l&#039;excel\u00b7l\u00e8ncia.\" \/>\n<meta name=\"robots\" content=\"index, follow, max-snippet:-1, max-image-preview:large, max-video-preview:-1\" \/>\n<link rel=\"canonical\" href=\"https:\/\/www.creaciogeometrica.com\/ca\/sobre-nosaltres\/\" \/>\n<meta property=\"og:locale\" content=\"ca_ES\" \/>\n<meta property=\"og:type\" content=\"article\" \/>\n<meta property=\"og:title\" content=\"Sobre nosaltres - Creaci\u00f2 Geom\u00e9trica\" \/>\n<meta property=\"og:description\" content=\"Amb anys d&#039;experi\u00e8ncia al sector, ens hem convertit en referents al mercat gr\u00e0cies al nostre comprom\u00eds amb l&#039;excel\u00b7l\u00e8ncia.\" \/>\n<meta property=\"og:url\" content=\"https:\/\/www.creaciogeometrica.com\/ca\/sobre-nosaltres\/\" \/>\n<meta property=\"og:site_name\" content=\"Creaci\u00f2 Geom\u00e9trica\" \/>\n<meta property=\"article:modified_time\" content=\"2023-07-12T08:27:44+00:00\" \/>\n<meta name=\"twitter:card\" content=\"summary_large_image\" \/>\n<meta name=\"twitter:label1\" content=\"Temps estimat de lectura\" \/>\n\t<meta name=\"twitter:data1\" content=\"8 minuts\" \/>\n<script type=\"application\/ld+json\" class=\"yoast-schema-graph\">{\"@context\":\"https:\\\/\\\/schema.org\",\"@graph\":[{\"@type\":\"WebPage\",\"@id\":\"https:\\\/\\\/www.creaciogeometrica.com\\\/ca\\\/sobre-nosaltres\\\/\",\"url\":\"https:\\\/\\\/www.creaciogeometrica.com\\\/ca\\\/sobre-nosaltres\\\/\",\"name\":\"Sobre nosaltres - Creaci\u00f2 Geom\u00e9trica\",\"isPartOf\":{\"@id\":\"https:\\\/\\\/www.creaciogeometrica.com\\\/ca\\\/#website\"},\"datePublished\":\"2023-04-18T19:34:00+00:00\",\"dateModified\":\"2023-07-12T08:27:44+00:00\",\"description\":\"Amb anys d'experi\u00e8ncia al sector, ens hem convertit en referents al mercat gr\u00e0cies al nostre comprom\u00eds amb l'excel\u00b7l\u00e8ncia.\",\"breadcrumb\":{\"@id\":\"https:\\\/\\\/www.creaciogeometrica.com\\\/ca\\\/sobre-nosaltres\\\/#breadcrumb\"},\"inLanguage\":\"ca\",\"potentialAction\":[{\"@type\":\"ReadAction\",\"target\":[\"https:\\\/\\\/www.creaciogeometrica.com\\\/ca\\\/sobre-nosaltres\\\/\"]}]},{\"@type\":\"BreadcrumbList\",\"@id\":\"https:\\\/\\\/www.creaciogeometrica.com\\\/ca\\\/sobre-nosaltres\\\/#breadcrumb\",\"itemListElement\":[{\"@type\":\"ListItem\",\"position\":1,\"name\":\"Inici\",\"item\":\"https:\\\/\\\/www.creaciogeometrica.com\\\/ca\\\/\"},{\"@type\":\"ListItem\",\"position\":2,\"name\":\"Sobre nosaltres\"}]},{\"@type\":\"WebSite\",\"@id\":\"https:\\\/\\\/www.creaciogeometrica.com\\\/ca\\\/#website\",\"url\":\"https:\\\/\\\/www.creaciogeometrica.com\\\/ca\\\/\",\"name\":\"Creaci\u00f2 Geom\u00e9trica\",\"description\":\"Nuevo sitio descripci\u00f3n\",\"potentialAction\":[{\"@type\":\"SearchAction\",\"target\":{\"@type\":\"EntryPoint\",\"urlTemplate\":\"https:\\\/\\\/www.creaciogeometrica.com\\\/ca\\\/?s={search_term_string}\"},\"query-input\":{\"@type\":\"PropertyValueSpecification\",\"valueRequired\":true,\"valueName\":\"search_term_string\"}}],\"inLanguage\":\"ca\"}]}<\/script>\n<!-- \/ Yoast SEO plugin. -->","yoast_head_json":{"title":"Sobre nosaltres - Creaci\u00f2 Geom\u00e9trica","description":"Amb anys d'experi\u00e8ncia al sector, ens hem convertit en referents al mercat gr\u00e0cies al nostre comprom\u00eds amb l'excel\u00b7l\u00e8ncia.","robots":{"index":"index","follow":"follow","max-snippet":"max-snippet:-1","max-image-preview":"max-image-preview:large","max-video-preview":"max-video-preview:-1"},"canonical":"https:\/\/www.creaciogeometrica.com\/ca\/sobre-nosaltres\/","og_locale":"ca_ES","og_type":"article","og_title":"Sobre nosaltres - Creaci\u00f2 Geom\u00e9trica","og_description":"Amb anys d'experi\u00e8ncia al sector, ens hem convertit en referents al mercat gr\u00e0cies al nostre comprom\u00eds amb l'excel\u00b7l\u00e8ncia.","og_url":"https:\/\/www.creaciogeometrica.com\/ca\/sobre-nosaltres\/","og_site_name":"Creaci\u00f2 Geom\u00e9trica","article_modified_time":"2023-07-12T08:27:44+00:00","twitter_card":"summary_large_image","twitter_misc":{"Temps estimat de lectura":"8 minuts"},"schema":{"@context":"https:\/\/schema.org","@graph":[{"@type":"WebPage","@id":"https:\/\/www.creaciogeometrica.com\/ca\/sobre-nosaltres\/","url":"https:\/\/www.creaciogeometrica.com\/ca\/sobre-nosaltres\/","name":"Sobre nosaltres - Creaci\u00f2 Geom\u00e9trica","isPartOf":{"@id":"https:\/\/www.creaciogeometrica.com\/ca\/#website"},"datePublished":"2023-04-18T19:34:00+00:00","dateModified":"2023-07-12T08:27:44+00:00","description":"Amb anys d'experi\u00e8ncia al sector, ens hem convertit en referents al mercat gr\u00e0cies al nostre comprom\u00eds amb l'excel\u00b7l\u00e8ncia.","breadcrumb":{"@id":"https:\/\/www.creaciogeometrica.com\/ca\/sobre-nosaltres\/#breadcrumb"},"inLanguage":"ca","potentialAction":[{"@type":"ReadAction","target":["https:\/\/www.creaciogeometrica.com\/ca\/sobre-nosaltres\/"]}]},{"@type":"BreadcrumbList","@id":"https:\/\/www.creaciogeometrica.com\/ca\/sobre-nosaltres\/#breadcrumb","itemListElement":[{"@type":"ListItem","position":1,"name":"Inici","item":"https:\/\/www.creaciogeometrica.com\/ca\/"},{"@type":"ListItem","position":2,"name":"Sobre nosaltres"}]},{"@type":"WebSite","@id":"https:\/\/www.creaciogeometrica.com\/ca\/#website","url":"https:\/\/www.creaciogeometrica.com\/ca\/","name":"Creaci\u00f2 Geom\u00e9trica","description":"Nuevo sitio descripci\u00f3n","potentialAction":[{"@type":"SearchAction","target":{"@type":"EntryPoint","urlTemplate":"https:\/\/www.creaciogeometrica.com\/ca\/?s={search_term_string}"},"query-input":{"@type":"PropertyValueSpecification","valueRequired":true,"valueName":"search_term_string"}}],"inLanguage":"ca"}]}},"_links":{"self":[{"href":"https:\/\/www.creaciogeometrica.com\/ca\/wp-json\/wp\/v2\/pages\/1859","targetHints":{"allow":["GET"]}}],"collection":[{"href":"https:\/\/www.creaciogeometrica.com\/ca\/wp-json\/wp\/v2\/pages"}],"about":[{"href":"https:\/\/www.creaciogeometrica.com\/ca\/wp-json\/wp\/v2\/types\/page"}],"author":[{"embeddable":true,"href":"https:\/\/www.creaciogeometrica.com\/ca\/wp-json\/wp\/v2\/users\/3"}],"replies":[{"embeddable":true,"href":"https:\/\/www.creaciogeometrica.com\/ca\/wp-json\/wp\/v2\/comments?post=1859"}],"version-history":[{"count":4,"href":"https:\/\/www.creaciogeometrica.com\/ca\/wp-json\/wp\/v2\/pages\/1859\/revisions"}],"predecessor-version":[{"id":2132,"href":"https:\/\/www.creaciogeometrica.com\/ca\/wp-json\/wp\/v2\/pages\/1859\/revisions\/2132"}],"wp:attachment":[{"href":"https:\/\/www.creaciogeometrica.com\/ca\/wp-json\/wp\/v2\/media?parent=1859"}],"curies":[{"name":"wp","href":"https:\/\/api.w.org\/{rel}","templated":true}]}}