{"id":1849,"date":"2022-10-13T08:25:06","date_gmt":"2022-10-13T08:25:06","guid":{"rendered":"https:\/\/www.creaciogeometrica.com\/home\/"},"modified":"2023-07-13T08:28:42","modified_gmt":"2023-07-13T08:28:42","slug":"home","status":"publish","type":"page","link":"https:\/\/www.creaciogeometrica.com\/en\/","title":{"rendered":"Home"},"content":{"rendered":"<p>[et_pb_section fb_built=&#8221;1&#8243; admin_label=&#8221;Hero&#8221; _builder_version=&#8221;4.20.4&#8243; _module_preset=&#8221;default&#8221; background_video_mp4=&#8221;https:\/\/www.creaciogeometrica.com\/wp-content\/uploads\/2023\/04\/FONDO-GEOMETRICA-2c.mp4&#8243; height=&#8221;100vh&#8221; custom_margin=&#8221;0px|0px|0px|0px|false|false&#8221; custom_padding=&#8221;0px|0px|0px|0px|false|false&#8221; global_colors_info=&#8221;{}&#8221;][et_pb_row _builder_version=&#8221;4.21.0&#8243; _module_preset=&#8221;default&#8221; positioning=&#8221;absolute&#8221; position_origin_a=&#8221;center_center&#8221; width=&#8221;95%&#8221; max_width=&#8221;1947px&#8221; custom_margin=&#8221;||||false|false&#8221; hover_enabled=&#8221;0&#8243; global_colors_info=&#8221;{}&#8221; sticky_enabled=&#8221;0&#8243;][et_pb_column type=&#8221;4_4&#8243; _builder_version=&#8221;4.20.4&#8243; _module_preset=&#8221;default&#8221; global_colors_info=&#8221;{}&#8221;][et_pb_image src=&#8221;https:\/\/www.creaciogeometrica.com\/wp-content\/uploads\/2023\/04\/Logo-Creacio-geometrica-hriz.svg&#8221; title_text=&#8221;logo creacio geometrica vert&#8221; src_tablet=&#8221;https:\/\/www.creaciogeometrica.com\/wp-content\/uploads\/2023\/04\/logo-creacio-geometrica-vert.svg&#8221; src_phone=&#8221;https:\/\/www.creaciogeometrica.com\/wp-content\/uploads\/2023\/04\/logo-creacio-geometrica-vert.svg&#8221; src_last_edited=&#8221;on|tablet&#8221; _builder_version=&#8221;4.21.0&#8243; _module_preset=&#8221;default&#8221; width=&#8221;500px&#8221; width_tablet=&#8221;400px&#8221; width_phone=&#8221;300px&#8221; width_last_edited=&#8221;on|phone&#8221; max_width_tablet=&#8221;80%&#8221; max_width_phone=&#8221;80%&#8221; max_width_last_edited=&#8221;on|desktop&#8221; module_alignment=&#8221;center&#8221; custom_margin=&#8221;||15px||false|false&#8221; hover_enabled=&#8221;0&#8243; global_colors_info=&#8221;{}&#8221; sticky_enabled=&#8221;0&#8243;][\/et_pb_image][et_pb_menu menu_style=&#8221;centered&#8221; submenu_direction=&#8221;downwards&#8221; active_link_color=&#8221;#585C6E&#8221; dropdown_menu_line_color=&#8221;#EA5362&#8243; mobile_menu_text_color=&#8221;#585C6E&#8221; logo_url=&#8221;@ET-DC@eyJkeW5hbWljIjp0cnVlLCJjb250ZW50IjoicG9zdF9saW5rX3VybF9wYWdlIiwic2V0dGluZ3MiOnsicG9zdF9pZCI6IjU1MiJ9fQ==@&#8221; logo_width=&#8221;350px&#8221; menu_icon_color=&#8221;#EA5362&#8243; menu_icon_font_size=&#8221;45px&#8221; disabled_on=&#8221;on|on|off&#8221; module_class=&#8221;menuinicio&#8221; _builder_version=&#8221;4.21.0&#8243; _dynamic_attributes=&#8221;logo_url&#8221; _module_preset=&#8221;default&#8221; menu_font=&#8221;Aleo|||on|||||&#8221; menu_font_size=&#8221;20px&#8221; background_enable_color=&#8221;off&#8221; custom_margin=&#8221;|21px|-2px|21px|false|true&#8221; hover_enabled=&#8221;0&#8243; locked=&#8221;off&#8221; global_colors_info=&#8221;{}&#8221; menu_text_color__hover_enabled=&#8221;on|hover&#8221; menu_text_color__hover=&#8221;#EA5362&#8243; active_link_color__hover_enabled=&#8221;on|desktop&#8221; active_link_color__hover=&#8221;#EA5362&#8243; sticky_enabled=&#8221;0&#8243;][\/et_pb_menu][\/et_pb_column][\/et_pb_row][et_pb_row _builder_version=&#8221;4.20.4&#8243; _module_preset=&#8221;default&#8221; positioning=&#8221;absolute&#8221; position_origin_a=&#8221;bottom_center&#8221; custom_padding=&#8221;||3px|||&#8221; global_colors_info=&#8221;{}&#8221;][et_pb_column type=&#8221;4_4&#8243; _builder_version=&#8221;4.20.1&#8243; _module_preset=&#8221;default&#8221; global_colors_info=&#8221;{}&#8221;][et_pb_text content_tablet=&#8221;&#8221; content_phone=&#8221;<\/p>\n<p style=%22text-align: center;%22><span style=%22color: #808080;%22><a href=%22legal\/#politica-de-privacidad%22 style=%22color: #808080;%22>Privacy Policy<\/a><br \/><a href=%22legal\/#aviso-legal%22 style=%22color: #808080;%22>Legal Notice<\/a> <br \/><a href=%22legal\/#politica-de-cookies%22 style=%22color: #808080;%22>Cookies Policy<\/a><\/span><\/p>\n<p>&#8221; content_last_edited=&#8221;on|phone&#8221; _builder_version=&#8221;4.20.1&#8243; _module_preset=&#8221;default&#8221; text_orientation=&#8221;center&#8221; custom_margin=&#8221;-6px||20px|||&#8221; link_option_url=&#8221;mailto:oficinas@invermik.es&#8221; global_colors_info=&#8221;{}&#8221;]<\/p>\n<p><span style=\"color: #808080;\"><a href=\"legal\/#politica-de-privacidad\" style=\"color: #808080;\">Privacy Policy<\/a> &#8211; <a href=\"legal\/#aviso-legal\" style=\"color: #808080;\">Legal Notice<\/a> &#8211; <a href=\"legal\/#politica-de-cookies\" style=\"color: #808080;\">Cookie Policy<\/a><\/span><\/p>\n<p>[\/et_pb_text][\/et_pb_column][\/et_pb_row][\/et_pb_section]<\/p>\n","protected":false},"excerpt":{"rendered":"<p>Privacy Policy &#8211; Legal Notice &#8211; Cookie Policy<\/p>\n","protected":false},"author":3,"featured_media":0,"parent":0,"menu_order":0,"comment_status":"closed","ping_status":"closed","template":"","meta":{"_et_pb_use_builder":"on","_et_pb_old_content":"","_et_gb_content_width":"","footnotes":""},"class_list":["post-1849","page","type-page","status-publish","hentry"],"yoast_head":"<!-- This site is optimized with the Yoast SEO plugin v27.3 - https:\/\/yoast.com\/product\/yoast-seo-wordpress\/ -->\n<title>CREACI\u00d3 G3OM\u00c8TRICA<\/title>\n<meta name=\"description\" content=\"Company specialized in offering integral solutions in the field of renovations, real estate investments and energy efficiency.\" \/>\n<meta name=\"robots\" content=\"index, follow, max-snippet:-1, max-image-preview:large, max-video-preview:-1\" \/>\n<link rel=\"canonical\" href=\"https:\/\/www.creaciogeometrica.com\/en\/\" \/>\n<meta property=\"og:locale\" content=\"en_US\" \/>\n<meta property=\"og:type\" content=\"article\" \/>\n<meta property=\"og:title\" content=\"CREACI\u00d3 G3OM\u00c8TRICA\" \/>\n<meta property=\"og:description\" content=\"Company specialized in offering integral solutions in the field of renovations, real estate investments and energy efficiency.\" \/>\n<meta property=\"og:url\" content=\"https:\/\/www.creaciogeometrica.com\/en\/\" \/>\n<meta property=\"og:site_name\" content=\"Creaci\u00f2 Geom\u00e9trica\" \/>\n<meta property=\"article:modified_time\" content=\"2023-07-13T08:28:42+00:00\" \/>\n<meta name=\"twitter:card\" content=\"summary_large_image\" \/>\n<meta name=\"twitter:label1\" content=\"Est. reading time\" \/>\n\t<meta name=\"twitter:data1\" content=\"1 minute\" \/>\n<script type=\"application\/ld+json\" class=\"yoast-schema-graph\">{\"@context\":\"https:\\\/\\\/schema.org\",\"@graph\":[{\"@type\":\"WebPage\",\"@id\":\"https:\\\/\\\/www.creaciogeometrica.com\\\/en\\\/\",\"url\":\"https:\\\/\\\/www.creaciogeometrica.com\\\/en\\\/\",\"name\":\"CREACI\u00d3 G3OM\u00c8TRICA\",\"isPartOf\":{\"@id\":\"https:\\\/\\\/www.creaciogeometrica.com\\\/en\\\/#website\"},\"datePublished\":\"2022-10-13T08:25:06+00:00\",\"dateModified\":\"2023-07-13T08:28:42+00:00\",\"description\":\"Company specialized in offering integral solutions in the field of renovations, real estate investments and energy efficiency.\",\"breadcrumb\":{\"@id\":\"https:\\\/\\\/www.creaciogeometrica.com\\\/en\\\/#breadcrumb\"},\"inLanguage\":\"en-US\",\"potentialAction\":[{\"@type\":\"ReadAction\",\"target\":[\"https:\\\/\\\/www.creaciogeometrica.com\\\/en\\\/\"]}]},{\"@type\":\"BreadcrumbList\",\"@id\":\"https:\\\/\\\/www.creaciogeometrica.com\\\/en\\\/#breadcrumb\",\"itemListElement\":[{\"@type\":\"ListItem\",\"position\":1,\"name\":\"Home\",\"item\":\"https:\\\/\\\/www.creaciogeometrica.com\\\/en\\\/\"},{\"@type\":\"ListItem\",\"position\":2,\"name\":\"Home\"}]},{\"@type\":\"WebSite\",\"@id\":\"https:\\\/\\\/www.creaciogeometrica.com\\\/en\\\/#website\",\"url\":\"https:\\\/\\\/www.creaciogeometrica.com\\\/en\\\/\",\"name\":\"Creaci\u00f2 Geom\u00e9trica\",\"description\":\"Nuevo sitio descripci\u00f3n\",\"potentialAction\":[{\"@type\":\"SearchAction\",\"target\":{\"@type\":\"EntryPoint\",\"urlTemplate\":\"https:\\\/\\\/www.creaciogeometrica.com\\\/en\\\/?s={search_term_string}\"},\"query-input\":{\"@type\":\"PropertyValueSpecification\",\"valueRequired\":true,\"valueName\":\"search_term_string\"}}],\"inLanguage\":\"en-US\"}]}<\/script>\n<!-- \/ Yoast SEO plugin. -->","yoast_head_json":{"title":"CREACI\u00d3 G3OM\u00c8TRICA","description":"Company specialized in offering integral solutions in the field of renovations, real estate investments and energy efficiency.","robots":{"index":"index","follow":"follow","max-snippet":"max-snippet:-1","max-image-preview":"max-image-preview:large","max-video-preview":"max-video-preview:-1"},"canonical":"https:\/\/www.creaciogeometrica.com\/en\/","og_locale":"en_US","og_type":"article","og_title":"CREACI\u00d3 G3OM\u00c8TRICA","og_description":"Company specialized in offering integral solutions in the field of renovations, real estate investments and energy efficiency.","og_url":"https:\/\/www.creaciogeometrica.com\/en\/","og_site_name":"Creaci\u00f2 Geom\u00e9trica","article_modified_time":"2023-07-13T08:28:42+00:00","twitter_card":"summary_large_image","twitter_misc":{"Est. reading time":"1 minute"},"schema":{"@context":"https:\/\/schema.org","@graph":[{"@type":"WebPage","@id":"https:\/\/www.creaciogeometrica.com\/en\/","url":"https:\/\/www.creaciogeometrica.com\/en\/","name":"CREACI\u00d3 G3OM\u00c8TRICA","isPartOf":{"@id":"https:\/\/www.creaciogeometrica.com\/en\/#website"},"datePublished":"2022-10-13T08:25:06+00:00","dateModified":"2023-07-13T08:28:42+00:00","description":"Company specialized in offering integral solutions in the field of renovations, real estate investments and energy efficiency.","breadcrumb":{"@id":"https:\/\/www.creaciogeometrica.com\/en\/#breadcrumb"},"inLanguage":"en-US","potentialAction":[{"@type":"ReadAction","target":["https:\/\/www.creaciogeometrica.com\/en\/"]}]},{"@type":"BreadcrumbList","@id":"https:\/\/www.creaciogeometrica.com\/en\/#breadcrumb","itemListElement":[{"@type":"ListItem","position":1,"name":"Home","item":"https:\/\/www.creaciogeometrica.com\/en\/"},{"@type":"ListItem","position":2,"name":"Home"}]},{"@type":"WebSite","@id":"https:\/\/www.creaciogeometrica.com\/en\/#website","url":"https:\/\/www.creaciogeometrica.com\/en\/","name":"Creaci\u00f2 Geom\u00e9trica","description":"Nuevo sitio descripci\u00f3n","potentialAction":[{"@type":"SearchAction","target":{"@type":"EntryPoint","urlTemplate":"https:\/\/www.creaciogeometrica.com\/en\/?s={search_term_string}"},"query-input":{"@type":"PropertyValueSpecification","valueRequired":true,"valueName":"search_term_string"}}],"inLanguage":"en-US"}]}},"_links":{"self":[{"href":"https:\/\/www.creaciogeometrica.com\/en\/wp-json\/wp\/v2\/pages\/1849","targetHints":{"allow":["GET"]}}],"collection":[{"href":"https:\/\/www.creaciogeometrica.com\/en\/wp-json\/wp\/v2\/pages"}],"about":[{"href":"https:\/\/www.creaciogeometrica.com\/en\/wp-json\/wp\/v2\/types\/page"}],"author":[{"embeddable":true,"href":"https:\/\/www.creaciogeometrica.com\/en\/wp-json\/wp\/v2\/users\/3"}],"replies":[{"embeddable":true,"href":"https:\/\/www.creaciogeometrica.com\/en\/wp-json\/wp\/v2\/comments?post=1849"}],"version-history":[{"count":5,"href":"https:\/\/www.creaciogeometrica.com\/en\/wp-json\/wp\/v2\/pages\/1849\/revisions"}],"predecessor-version":[{"id":2155,"href":"https:\/\/www.creaciogeometrica.com\/en\/wp-json\/wp\/v2\/pages\/1849\/revisions\/2155"}],"wp:attachment":[{"href":"https:\/\/www.creaciogeometrica.com\/en\/wp-json\/wp\/v2\/media?parent=1849"}],"curies":[{"name":"wp","href":"https:\/\/api.w.org\/{rel}","templated":true}]}}